{"id":26943,"date":"2022-06-09T19:27:56","date_gmt":"2022-06-09T19:27:56","guid":{"rendered":"https:\/\/lovelandmiami.com\/index.php\/borrador-automatico\/"},"modified":"2022-06-09T19:30:43","modified_gmt":"2022-06-09T19:30:43","slug":"politica-de-envio","status":"publish","type":"page","link":"https:\/\/lovelandmiami.com\/index.php\/politica-de-envio\/","title":{"rendered":"Pol\u00edtica de Envio"},"content":{"rendered":"<p>[et_pb_section fb_built=&#8221;1&#8243; _builder_version=&#8221;4.16&#8243; global_colors_info=&#8221;{}&#8221;][et_pb_row _builder_version=&#8221;4.16&#8243; background_size=&#8221;initial&#8221; background_position=&#8221;top_left&#8221; background_repeat=&#8221;repeat&#8221; global_colors_info=&#8221;{}&#8221;][et_pb_column type=&#8221;4_4&#8243; _builder_version=&#8221;4.16&#8243; custom_padding=&#8221;|||&#8221; global_colors_info=&#8221;{}&#8221; custom_padding__hover=&#8221;|||&#8221;][et_pb_text _builder_version=&#8221;4.17.4&#8243; text_font=&#8221;HelveticaNeueCyr-Medium||||||||&#8221; text_font_size=&#8221;15px&#8221; header_font=&#8221;HelveticaNeueCyr-Bold||||||||&#8221; header_text_align=&#8221;center&#8221; header_font_size=&#8221;3em&#8221; header_2_font=&#8221;HelveticaNeueCyr-Medium|600|||||||&#8221; header_3_font=&#8221;HelveticaNeueCyr-Bold||||||||&#8221; header_3_line_height=&#8221;1.5em&#8221; background_size=&#8221;initial&#8221; background_position=&#8221;top_left&#8221; background_repeat=&#8221;repeat&#8221; text_orientation=&#8221;center&#8221; custom_margin=&#8221;2em||6em||false|false&#8221; global_colors_info=&#8221;{}&#8221;]<\/p>\n<h1>Politica de envios<\/h1>\n<p class=\"lead\">Su privacidad es importante para nosotros<\/p>\n<p>[\/et_pb_text][et_pb_text _builder_version=&#8221;4.17.4&#8243; text_font=&#8221;HelveticaNeueCyr-Medium||||||||&#8221; ul_font=&#8221;HelveticaNeueCyr-Medium||||||||&#8221; header_2_font=&#8221;HelveticaNeueCyr-Medium|600|||||||&#8221; header_3_font=&#8221;HelveticaNeueCyr-Bold||||||||&#8221; header_3_line_height=&#8221;1.5em&#8221; header_6_font=&#8221;HelveticaNeueCyr-Bold||||||||&#8221; background_size=&#8221;initial&#8221; background_position=&#8221;top_left&#8221; background_repeat=&#8221;repeat&#8221; global_colors_info=&#8221;{}&#8221;]<\/p>\n<h6>RECOGER EN LA TIENDA: 185 QUEEN STREET EAST, TORONTO<\/h6>\n<ul>\n<li>Los pedidos se pueden recoger de martes a domingo de 12 a 18 hs. Se enviar\u00e1 un correo electr\u00f3nico cuando su pedido est\u00e9 listo para ser recogido.<\/li>\n<\/ul>\n<h6>RECOGIDA EN LA TIENDA &#8211; 235 QUEENS QUAY WEST, TORONTO<\/h6>\n<ul>\n<li>Los pedidos se pueden recoger todos los d\u00edas, de 11:00 a 18:00 horas. Se enviar\u00e1 un correo electr\u00f3nico cuando su pedido est\u00e9 listo para ser recogido.<\/li>\n<\/ul>\n<h6>TARIFA PLANA DE ENV\u00cdO <\/h6>\n<ul>\n<li>Los pedidos generalmente se env\u00edan dentro de las 72 horas (de lunes a viernes) utilizando Canada Post. El est\u00e1ndar de entrega de Canada Post es de 2 a 7 d\u00edas. Se aplica una tarifa fija de env\u00edo de $12 a los pedidos que se env\u00edan a Ontario y Quebec, $18 a otras partes de Canad\u00e1. No enviamos fuera de Canad\u00e1 en este momento.<\/li>\n<li>Env\u00edo gratis en pedidos superiores a $150 en Ontario y Quebec, y en pedidos superiores a $200 para el resto de Canad\u00e1 (sin incluir impuestos ni descuentos).<\/li>\n<\/ul>\n<h6>ENTREGA LOCAL<\/h6>\n<ul>\n<li>Durante el pago, ingrese su direcci\u00f3n y elija la opci\u00f3n de env\u00edo. Haga clic en el bot\u00f3n &#8220;continuar con el env\u00edo&#8221;. <strong>La entrega local est\u00e1 disponible para direcciones dentro de los 12 km de nuestra tienda.<\/strong> Si la opci\u00f3n de entrega local no aparece durante el pago, su pedido no es elegible para la entrega local.<\/li>\n<li>Los pedidos realizados antes de las 15:00 horas en horario de tienda (martes &#8211; domingo, 12:00 &#8211; 18:00 horas) se entregar\u00e1n el mismo d\u00eda. Los pedidos realizados fuera de este horario se entregar\u00e1n al d\u00eda siguiente que estemos abiertos.<\/li>\n<li>Cuando su pedido est\u00e9 listo para la entrega, recibir\u00e1 un correo electr\u00f3nico con informaci\u00f3n de seguimiento en tiempo real.<\/li>\n<\/ul>\n<p>[\/et_pb_text][\/et_pb_column][\/et_pb_row][\/et_pb_section]<\/p>\n","protected":false},"excerpt":{"rendered":"<p>Politica de envios Su privacidad es importante para nosotrosRECOGER EN LA TIENDA: 185 QUEEN STREET EAST, TORONTO Los pedidos se pueden recoger de martes a domingo de 12 a 18 hs. Se enviar\u00e1 un correo electr\u00f3nico cuando su pedido est\u00e9 listo para ser recogido. RECOGIDA EN LA TIENDA &#8211; 235 QUEENS QUAY WEST, TORONTO Los [&hellip;]<\/p>\n","protected":false},"author":2,"featured_media":0,"parent":0,"menu_order":0,"comment_status":"closed","ping_status":"closed","template":"","meta":{"_seopress_robots_primary_cat":"","_et_pb_use_builder":"on","_et_pb_old_content":"","_et_gb_content_width":""},"_links":{"self":[{"href":"https:\/\/lovelandmiami.com\/index.php\/wp-json\/wp\/v2\/pages\/26943"}],"collection":[{"href":"https:\/\/lovelandmiami.com\/index.php\/wp-json\/wp\/v2\/pages"}],"about":[{"href":"https:\/\/lovelandmiami.com\/index.php\/wp-json\/wp\/v2\/types\/page"}],"author":[{"embeddable":true,"href":"https:\/\/lovelandmiami.com\/index.php\/wp-json\/wp\/v2\/users\/2"}],"replies":[{"embeddable":true,"href":"https:\/\/lovelandmiami.com\/index.php\/wp-json\/wp\/v2\/comments?post=26943"}],"version-history":[{"count":12,"href":"https:\/\/lovelandmiami.com\/index.php\/wp-json\/wp\/v2\/pages\/26943\/revisions"}],"predecessor-version":[{"id":26958,"href":"https:\/\/lovelandmiami.com\/index.php\/wp-json\/wp\/v2\/pages\/26943\/revisions\/26958"}],"wp:attachment":[{"href":"https:\/\/lovelandmiami.com\/index.php\/wp-json\/wp\/v2\/media?parent=26943"}],"curies":[{"name":"wp","href":"https:\/\/api.w.org\/{rel}","templated":true}]}}