{"id":26767,"date":"2022-06-08T21:41:29","date_gmt":"2022-06-08T21:41:29","guid":{"rendered":"https:\/\/lovelandmiami.com\/index.php\/nuestra-garantia\/"},"modified":"2022-09-02T19:04:43","modified_gmt":"2022-09-02T19:04:43","slug":"nuestra-garantia","status":"publish","type":"page","link":"https:\/\/lovelandmiami.com\/index.php\/nuestra-garantia\/","title":{"rendered":"Nuestra Garantia"},"content":{"rendered":"<p>[et_pb_section fb_built=&#8221;1&#8243; _builder_version=&#8221;4.16&#8243; global_colors_info=&#8221;{}&#8221;][et_pb_row _builder_version=&#8221;4.16&#8243; background_size=&#8221;initial&#8221; background_position=&#8221;top_left&#8221; background_repeat=&#8221;repeat&#8221; global_colors_info=&#8221;{}&#8221;][et_pb_column type=&#8221;4_4&#8243; _builder_version=&#8221;4.16&#8243; custom_padding=&#8221;|||&#8221; global_colors_info=&#8221;{}&#8221; custom_padding__hover=&#8221;|||&#8221;][et_pb_text _builder_version=&#8221;4.17.4&#8243; text_font=&#8221;HelveticaNeueCyr-Medium||||||||&#8221; text_font_size=&#8221;15px&#8221; header_font=&#8221;HelveticaNeueCyr-Bold||||||||&#8221; header_text_align=&#8221;center&#8221; header_font_size=&#8221;3em&#8221; header_2_font=&#8221;HelveticaNeueCyr-Medium|600|||||||&#8221; header_3_font=&#8221;HelveticaNeueCyr-Bold||||||||&#8221; header_3_line_height=&#8221;1.5em&#8221; background_size=&#8221;initial&#8221; background_position=&#8221;top_left&#8221; background_repeat=&#8221;repeat&#8221; text_orientation=&#8221;center&#8221; custom_margin=&#8221;2em||6em||false|false&#8221; global_colors_info=&#8221;{}&#8221;]<\/p>\n<h1>Nuestra Garantia<\/h1>\n<p class=\"lead\">Su privacidad es importante para nosotros<\/p>\n<p>[\/et_pb_text][et_pb_text _builder_version=&#8221;4.17.4&#8243; text_font=&#8221;HelveticaNeueCyr-Medium||||||||&#8221; header_2_font=&#8221;HelveticaNeueCyr-Medium|600|||||||&#8221; header_3_font=&#8221;HelveticaNeueCyr-Bold||||||||&#8221; header_3_line_height=&#8221;1.5em&#8221; background_size=&#8221;initial&#8221; background_position=&#8221;top_left&#8221; background_repeat=&#8221;repeat&#8221; global_colors_info=&#8221;{}&#8221;]<\/p>\n<p>Loveland Miami es el propietario y controlador de datos de la informaci\u00f3n recogida a trav\u00e9s del Servicio.<\/p>\n<p>&nbsp;<\/p>\n<p><strong>Raya.com<\/strong><\/p>\n<p>Las transacciones con tarjeta de cr\u00e9dito tambi\u00e9n se procesan mediante Stripe.com, una empresa de procesamiento de pagos segura de terceros. Cuando utilice su tarjeta de cr\u00e9dito para comprar nuestro producto, puede ser redirigido a su puerta de enlace segura de terceros en forma de una ventana emergente de iframe. La informaci\u00f3n que proporcione para el pago se almacenar\u00e1 en sus servidores seguros. No almacenamos ninguna informaci\u00f3n de pago en nuestros servidores para su protecci\u00f3n.<\/p>\n<p>&nbsp;<\/p>\n<p>[\/et_pb_text][\/et_pb_column][\/et_pb_row][\/et_pb_section]<\/p>\n","protected":false},"excerpt":{"rendered":"<p>Nuestra Garantia Su privacidad es importante para nosotrosLoveland Miami es el propietario y controlador de datos de la informaci\u00f3n recogida a trav\u00e9s del Servicio. &nbsp; Raya.com Las transacciones con tarjeta de cr\u00e9dito tambi\u00e9n se procesan mediante Stripe.com, una empresa de procesamiento de pagos segura de terceros. Cuando utilice su tarjeta de cr\u00e9dito para comprar nuestro [&hellip;]<\/p>\n","protected":false},"author":2,"featured_media":0,"parent":0,"menu_order":0,"comment_status":"closed","ping_status":"closed","template":"","meta":{"_seopress_robots_primary_cat":"","_et_pb_use_builder":"on","_et_pb_old_content":"","_et_gb_content_width":""},"_links":{"self":[{"href":"https:\/\/lovelandmiami.com\/index.php\/wp-json\/wp\/v2\/pages\/26767"}],"collection":[{"href":"https:\/\/lovelandmiami.com\/index.php\/wp-json\/wp\/v2\/pages"}],"about":[{"href":"https:\/\/lovelandmiami.com\/index.php\/wp-json\/wp\/v2\/types\/page"}],"author":[{"embeddable":true,"href":"https:\/\/lovelandmiami.com\/index.php\/wp-json\/wp\/v2\/users\/2"}],"replies":[{"embeddable":true,"href":"https:\/\/lovelandmiami.com\/index.php\/wp-json\/wp\/v2\/comments?post=26767"}],"version-history":[{"count":28,"href":"https:\/\/lovelandmiami.com\/index.php\/wp-json\/wp\/v2\/pages\/26767\/revisions"}],"predecessor-version":[{"id":27176,"href":"https:\/\/lovelandmiami.com\/index.php\/wp-json\/wp\/v2\/pages\/26767\/revisions\/27176"}],"wp:attachment":[{"href":"https:\/\/lovelandmiami.com\/index.php\/wp-json\/wp\/v2\/media?parent=26767"}],"curies":[{"name":"wp","href":"https:\/\/api.w.org\/{rel}","templated":true}]}}