{"id":26718,"date":"2022-06-08T20:40:50","date_gmt":"2022-06-08T20:40:50","guid":{"rendered":"https:\/\/lovelandmiami.com\/index.php\/sobre-nosotros\/"},"modified":"2022-06-14T20:42:33","modified_gmt":"2022-06-14T20:42:33","slug":"sobre-nosotros","status":"publish","type":"page","link":"https:\/\/lovelandmiami.com\/index.php\/sobre-nosotros\/","title":{"rendered":"Sobre nosotros"},"content":{"rendered":"<p>[et_pb_section fb_built=&#8221;1&#8243; _builder_version=&#8221;4.17.4&#8243; _module_preset=&#8221;default&#8221; background_image=&#8221;https:\/\/lovelandmiami.com\/wp-content\/uploads\/2022\/05\/loveland-gift-shop.jpg&#8221; custom_padding=&#8221;17px||17px||true|false&#8221; global_colors_info=&#8221;{}&#8221;][et_pb_row _builder_version=&#8221;4.17.4&#8243; _module_preset=&#8221;default&#8221; global_colors_info=&#8221;{}&#8221;][et_pb_column type=&#8221;4_4&#8243; _builder_version=&#8221;4.17.4&#8243; _module_preset=&#8221;default&#8221; global_colors_info=&#8221;{}&#8221;][et_pb_text _builder_version=&#8221;4.17.4&#8243; _dynamic_attributes=&#8221;content&#8221; _module_preset=&#8221;default&#8221; text_font=&#8221;HelveticaNeueCyr-Bold||||||||&#8221; text_text_color=&#8221;#000000&#8243; text_font_size=&#8221;2.5em&#8221; text_orientation=&#8221;center&#8221; custom_margin=&#8221;||19px||false|false&#8221; hover_enabled=&#8221;0&#8243; global_colors_info=&#8221;{}&#8221; sticky_enabled=&#8221;0&#8243;]@ET-DC@eyJkeW5hbWljIjp0cnVlLCJjb250ZW50IjoicG9zdF90aXRsZSIsInNldHRpbmdzIjp7ImJlZm9yZSI6IiIsImFmdGVyIjoiIn19@[\/et_pb_text][et_pb_text _builder_version=&#8221;4.17.4&#8243; _module_preset=&#8221;default&#8221; text_font=&#8221;HelveticaNeueCyr-Medium||||||||&#8221; text_text_color=&#8221;#000000&#8243; text_font_size=&#8221;1em&#8221; text_orientation=&#8221;center&#8221; global_colors_info=&#8221;{}&#8221;]<\/p>\n<p><a href=\"https:\/\/lovelandmiami.com\/?lang=es\"><span style=\"color: #808080\">Inicio \/<\/span><\/a> Sobre Nosotros<\/p>\n<p>[\/et_pb_text][\/et_pb_column][\/et_pb_row][\/et_pb_section][et_pb_section fb_built=&#8221;1&#8243; module_id=&#8221;acerca de&#8221; module_class=&#8221;about-back&#8221; _builder_version=&#8221;4.17.4&#8243; _module_preset=&#8221;default&#8221; background_color=&#8221;#e4f4ff&#8221; global_colors_info=&#8221;{}&#8221;][et_pb_row column_structure=&#8221;1_2,1_2&#8243; _builder_version=&#8221;4.17.4&#8243; _module_preset=&#8221;default&#8221; custom_css_main_element=&#8221;    display: flex;||flex-wrap:wrap;||    align-items: center;&#8221; global_colors_info=&#8221;{}&#8221;][et_pb_column type=&#8221;1_2&#8243; _builder_version=&#8221;4.17.4&#8243; _module_preset=&#8221;default&#8221; global_colors_info=&#8221;{}&#8221;][et_pb_image src=&#8221;https:\/\/lovelandmiami.com\/wp-content\/uploads\/2022\/05\/loveland.png&#8221; title_text=&#8221;loveland&#8221; align=&#8221;center&#8221; disabled_on=&#8221;off|off|on&#8221; _builder_version=&#8221;4.17.4&#8243; _module_preset=&#8221;default&#8221; max_width=&#8221;48%&#8221; global_colors_info=&#8221;{}&#8221;][\/et_pb_image][et_pb_code _builder_version=&#8221;4.17.4&#8243; _module_preset=&#8221;default&#8221; width=&#8221;69%&#8221; width_tablet=&#8221;69%&#8221; width_phone=&#8221;100%&#8221; width_last_edited=&#8221;on|phone&#8221; module_alignment=&#8221;center&#8221; border_radii=&#8221;on|12px|12px|12px|12px&#8221; global_colors_info=&#8221;{}&#8221;]<video style=\"border-radius:12px\" id=\"video-player\" autoplay=\"autoplay\" loop=\"\" preload=\"metadata\" muted=\"\"><!-- [et_pb_line_break_holder] --><source src=\"https:\/\/lovelandmiami.com\/wp-content\/uploads\/2022\/05\/gift-loveland.mp4\" type=\"video\/mp4\"><!-- [et_pb_line_break_holder] --><\/source><\/video>[\/et_pb_code][\/et_pb_column][et_pb_column type=&#8221;1_2&#8243; _builder_version=&#8221;4.17.4&#8243; _module_preset=&#8221;default&#8221; global_colors_info=&#8221;{}&#8221;][et_pb_image src=&#8221;https:\/\/lovelandmiami.com\/wp-content\/uploads\/2022\/05\/loveland.png&#8221; title_text=&#8221;loveland&#8221; align=&#8221;center&#8221; disabled_on=&#8221;on|on|off&#8221; _builder_version=&#8221;4.17.4&#8243; _module_preset=&#8221;default&#8221; width=&#8221;150px&#8221; global_colors_info=&#8221;{}&#8221;][\/et_pb_image][et_pb_text _builder_version=&#8221;4.17.4&#8243; _module_preset=&#8221;default&#8221; text_font=&#8221;HelveticaNeueCyr-Medium|500|||||||&#8221; text_text_color=&#8221;#272424&#8243; text_font_size=&#8221;1.1em&#8221; text_orientation=&#8221;center&#8221; global_colors_info=&#8221;{}&#8221;]Loveland comenz\u00f3 hace dos a\u00f1os cuando dos amigos de la familia estaban celebrando sus cumplea\u00f1os. Fueron los primeros \u201cclientes no oficiales\u201d, y quedaron tan complacidos e impresionados que animaron el nacimiento del negocio.<\/p>\n<p>Desde la concepci\u00f3n, nuestra misi\u00f3n ha sido crear regalos hechos a mano que traigan momentos inolvidables, alegr\u00eda, felicidad y sonrisas.[\/et_pb_text][\/et_pb_column][\/et_pb_row][\/et_pb_section]<\/p>\n","protected":false},"excerpt":{"rendered":"<p>Inicio \/ Sobre NosotrosLoveland comenz\u00f3 hace dos a\u00f1os cuando dos amigos de la familia estaban celebrando sus cumplea\u00f1os. Fueron los primeros \u201cclientes no oficiales\u201d, y quedaron tan complacidos e impresionados que animaron el nacimiento del negocio. Desde la concepci\u00f3n, nuestra misi\u00f3n ha sido crear regalos hechos a mano que traigan momentos inolvidables, alegr\u00eda, felicidad y [&hellip;]<\/p>\n","protected":false},"author":2,"featured_media":0,"parent":0,"menu_order":0,"comment_status":"closed","ping_status":"closed","template":"","meta":{"_seopress_robots_primary_cat":"","_et_pb_use_builder":"on","_et_pb_old_content":"","_et_gb_content_width":""},"_links":{"self":[{"href":"https:\/\/lovelandmiami.com\/index.php\/wp-json\/wp\/v2\/pages\/26718"}],"collection":[{"href":"https:\/\/lovelandmiami.com\/index.php\/wp-json\/wp\/v2\/pages"}],"about":[{"href":"https:\/\/lovelandmiami.com\/index.php\/wp-json\/wp\/v2\/types\/page"}],"author":[{"embeddable":true,"href":"https:\/\/lovelandmiami.com\/index.php\/wp-json\/wp\/v2\/users\/2"}],"replies":[{"embeddable":true,"href":"https:\/\/lovelandmiami.com\/index.php\/wp-json\/wp\/v2\/comments?post=26718"}],"version-history":[{"count":15,"href":"https:\/\/lovelandmiami.com\/index.php\/wp-json\/wp\/v2\/pages\/26718\/revisions"}],"predecessor-version":[{"id":26985,"href":"https:\/\/lovelandmiami.com\/index.php\/wp-json\/wp\/v2\/pages\/26718\/revisions\/26985"}],"wp:attachment":[{"href":"https:\/\/lovelandmiami.com\/index.php\/wp-json\/wp\/v2\/media?parent=26718"}],"curies":[{"name":"wp","href":"https:\/\/api.w.org\/{rel}","templated":true}]}}