{"id":26428,"date":"2022-05-24T13:58:37","date_gmt":"2022-05-24T13:58:37","guid":{"rendered":"https:\/\/lovelandmiami.com\/?page_id=26428"},"modified":"2022-06-08T21:19:54","modified_gmt":"2022-06-08T21:19:54","slug":"politica-de-privacidad","status":"publish","type":"page","link":"https:\/\/lovelandmiami.com\/index.php\/politica-de-privacidad\/","title":{"rendered":"politica de privacidad"},"content":{"rendered":"<p>[et_pb_section fb_built=&#8221;1&#8243; _builder_version=&#8221;4.17.4&#8243; _module_preset=&#8221;default&#8221; global_colors_info=&#8221;{}&#8221;][et_pb_row _builder_version=&#8221;4.17.4&#8243; _module_preset=&#8221;default&#8221; global_colors_info=&#8221;{}&#8221;][et_pb_column type=&#8221;4_4&#8243; _builder_version=&#8221;4.17.4&#8243; _module_preset=&#8221;default&#8221; global_colors_info=&#8221;{}&#8221;][et_pb_text _builder_version=&#8221;4.17.4&#8243; _module_preset=&#8221;default&#8221; text_font=&#8221;HelveticaNeueCyr-Medium|500|||||||&#8221; text_font_size=&#8221;16px&#8221; header_font=&#8221;HelveticaNeueCyr-Bold||||||||&#8221; header_text_align=&#8221;center&#8221; header_font_size=&#8221;3em&#8221; header_3_font=&#8221;HelveticaNeueCyr-Bold||||||||&#8221; header_3_line_height=&#8221;1.6em&#8221; text_orientation=&#8221;center&#8221; custom_margin=&#8221;4em||6em||false|false&#8221; global_colors_info=&#8221;{}&#8221;]<\/p>\n<h1>Pol\u00edtica de privacidad de temas elegantes<\/h1>\n<p class=\"lead\">Su privacidad es importante para nosotros<\/p>\n<p>[\/et_pb_text][et_pb_text _builder_version=&#8221;4.17.4&#8243; _module_preset=&#8221;default&#8221; text_font=&#8221;HelveticaNeueCyr-Medium|500|||||||&#8221; header_3_font=&#8221;HelveticaNeueCyr-Bold||||||||&#8221; header_3_line_height=&#8221;1.6em&#8221; global_colors_info=&#8221;{}&#8221;]<\/p>\n<h3><span>Finalidad de la Pol\u00edtica de Privacidad.<\/span><\/h3>\n<p><span>Elegant Themes, Inc. (&#8220;Elegant Themes&#8221;, &#8220;nosotros&#8221; o &#8220;nosotros&#8221;) es una empresa de temas y complementos de WordPress, lo que significa que creamos software web que las personas (nuestros &#8220;Clientes&#8221;) pueden usar para potenciar sus sitios web (nuestro &#8221; Servicio&#8221;).\u00a0Las personas que ejecutan sus sitios web en WordPress, o las agencias de desarrollo web que crean sitios web para sus clientes en WordPress, pueden comprar nuestros temas y complementos para ayudarlos en la creaci\u00f3n de esos sitios web.\u00a0Nuestros temas son plantillas prefabricadas que cambian la apariencia del sitio web, mientras que los complementos agregan funcionalidad de alg\u00fan tipo (como una aplicaci\u00f3n en la tienda de aplicaciones de IOS).\u00a0Los clientes, a su vez, ponen sus sitios web a disposici\u00f3n de sus clientes (&#8220;Usuarios finales&#8221;) y, a su vez, pueden recopilar informaci\u00f3n de ellos.<\/span><\/p>\n<p><span>Estamos comprometidos a respetar y proteger los derechos de privacidad de los Clientes y sus Usuarios finales, y creamos esta Pol\u00edtica de privacidad para informarle c\u00f3mo usaremos (y no) su informaci\u00f3n privada.\u00a0Esta Pol\u00edtica de privacidad brinda informaci\u00f3n sobre nuestras pol\u00edticas y procedimientos con respecto a la recopilaci\u00f3n, el uso y la divulgaci\u00f3n de la informaci\u00f3n personal que recibimos de (1) Clientes, (2) Usuarios finales que descargan y usan los sitios web creados por los Clientes (&#8220;Usuarios finales&#8221;), y (3) visitantes que simplemente navegan por el Sitio o las Aplicaciones (&#8220;Visitantes&#8221;).<\/span><\/p>\n<p><span>Los Clientes pueden solicitar a los Usuarios finales que les proporcionen informaci\u00f3n adicional, incluida su identificaci\u00f3n personal y otra informaci\u00f3n, para ser utilizada y compartida de conformidad con sus propias pol\u00edticas de privacidad y confidencialidad, y podemos recopilar y compartir informaci\u00f3n relacionada con las interacciones de los Usuarios finales con el Cliente respectivo.\u00a0Le animamos a leer las pol\u00edticas de privacidad de los Clientes.\u00a0<\/span><strong><span>No somos responsables del uso de su informaci\u00f3n por parte de ning\u00fan Cliente, y renunciamos a cualquier responsabilidad relacionada con el mismo.<\/span><\/strong><\/p>\n<p><strong><span>Al usar o acceder al Servicio de cualquier manera, usted reconoce que acepta las pr\u00e1cticas y pol\u00edticas descritas en esta Pol\u00edtica de privacidad, y por la presente acepta que recopilaremos, usaremos y compartiremos su informaci\u00f3n de las siguientes maneras.<\/span><\/strong><\/p>\n<p><span>Recuerde que su uso del Servicio est\u00e1 sujeto en todo momento a los\u00a0<\/span><a href=\"https:\/\/www.elegantthemes.com\/policy\/service\/\"><span>T\u00e9rminos de Servicio<\/span><\/a><span>\u00a0[http:\/\/www.elegantthemes.com\/policy\/terms\/], que incorpora esta Pol\u00edtica de Privacidad.\u00a0Todos los t\u00e9rminos que usamos en esta Pol\u00edtica sin definirlos tienen las definiciones que se les dan en los T\u00e9rminos de servicio.<\/span><\/p>\n<p><span>Esta Pol\u00edtica de Privacidad puede ser actualizada de vez en cuando.\u00a0Le notificaremos cualquier cambio material mediante la publicaci\u00f3n de la nueva Pol\u00edtica de privacidad en el Sitio.\u00a0Se le recomienda consultar esta pol\u00edtica regularmente para cualquier cambio.<\/span><\/p>\n<h3><span>\u00bfQu\u00e9 informaci\u00f3n recopila y c\u00f3mo la recopila?<\/span><\/h3>\n<p><span>En varios momentos, se le puede pedir que proporcione informaci\u00f3n como su nombre, direcci\u00f3n de correo electr\u00f3nico, n\u00famero de tel\u00e9fono de contacto u otra informaci\u00f3n.\u00a0La informaci\u00f3n recopilada a menudo se define como an\u00f3nima o de identificaci\u00f3n personal:<\/span><\/p>\n<p><span>La informaci\u00f3n an\u00f3nima se refiere a la informaci\u00f3n que no se puede vincular a un individuo espec\u00edfico.\u00a0Por ejemplo, podemos saber que miles de personas han visitado esta Pol\u00edtica de privacidad, pero no necesariamente sabemos sus nombres, d\u00f3nde viven o su fecha de nacimiento.\u00a0Lo que recopilamos de visitas como esta constituye informaci\u00f3n an\u00f3nima.\u00a0No tiene que proporcionarnos ninguna informaci\u00f3n personal.\u00a0Algunas de las personas que acceden a nuestros Servicios se niegan a utilizar las funciones de personalizaci\u00f3n que est\u00e1n disponibles para ellos y, por lo tanto, esas personas son an\u00f3nimas para nosotros y los \u00fanicos datos que recopilamos sobre ellos son informaci\u00f3n an\u00f3nima.<\/span><\/p>\n<p><span>La informaci\u00f3n de identificaci\u00f3n personal se refiere a la informaci\u00f3n que nos dice espec\u00edficamente qui\u00e9n es usted, como su nombre, direcci\u00f3n de correo electr\u00f3nico o n\u00famero de tel\u00e9fono.\u00a0La descarga de informaci\u00f3n o el inicio de sesi\u00f3n pueden permitir que la Compa\u00f1\u00eda lo &#8220;reconozca&#8221; para permitirnos personalizar nuestro servicio para usted.<\/span><\/p>\n<p><span>Conservamos esta informaci\u00f3n durante un per\u00edodo de tiempo razonable en relaci\u00f3n con su negocio en curso con nosotros.\u00a0Tiene derecho a retirar su consentimiento para el uso de su informaci\u00f3n de identificaci\u00f3n personal en cualquier momento.<\/span><\/p>\n<p><strong><span>Informaci\u00f3n an\u00f3nima<\/span><\/strong><\/p>\n<p><span>Como ocurre con la mayor\u00eda de los sitios web, recopilamos cierta informaci\u00f3n (como el proveedor de telefon\u00eda m\u00f3vil, el sistema operativo, etc.) autom\u00e1ticamente y la almacenamos en archivos de registro.\u00a0Utilizamos esta informaci\u00f3n, que no identifica a usuarios individuales, para analizar tendencias, administrar el sitio web, rastrear los movimientos de los usuarios en el sitio web y recopilar informaci\u00f3n demogr\u00e1fica sobre nuestra base de usuarios en su conjunto.\u00a0Podemos vincular algunos de estos datos recopilados autom\u00e1ticamente a cierta informaci\u00f3n de identificaci\u00f3n personal.<\/span><\/p>\n<p><strong><span>Informaci\u00f3n de identificaci\u00f3n personal<\/span><\/strong><\/p>\n<p><span>Si usted es un Cliente, cuando se registre con nosotros a trav\u00e9s de nuestro sitio web, le pediremos cierta informaci\u00f3n de identificaci\u00f3n personal, como su nombre y apellido, nombre de la empresa, direcci\u00f3n de correo electr\u00f3nico, direcci\u00f3n de facturaci\u00f3n e informaci\u00f3n de la tarjeta de cr\u00e9dito.\u00a0Puede revisar y actualizar esta informaci\u00f3n de identificaci\u00f3n personal en su perfil\u00a0<\/span><a href=\"https:\/\/www.elegantthemes.com\/members-area\/\"><span>iniciando sesi\u00f3n<\/span><\/a><span>\u00a0y editando dicha informaci\u00f3n en su tablero.<\/span><\/p>\n<p><span>Puede solicitar que se elimine toda su informaci\u00f3n personal de nuestros servidores utilizando el formulario de\u00a0<\/span><a href=\"https:\/\/www.elegantthemes.com\/data\/\"><span>solicitud de eliminaci\u00f3n<\/span><\/a><span>\u00a0en l\u00ednea .<\/span><\/p>\n<p><span>Puede solicitar una copia de su informaci\u00f3n personal utilizando el formulario de\u00a0<\/span><a href=\"https:\/\/www.elegantthemes.com\/data\/\"><span>solicitud de informaci\u00f3n<\/span><\/a><span>\u00a0en l\u00ednea .<\/span><\/p>\n<p><span>Debido a la naturaleza del Servicio, excepto para ayudar a los Clientes con ciertos problemas t\u00e9cnicos limitados o por obligaci\u00f3n legal, no accederemos a ninguno de los Contenidos que cargue en el Servicio.<\/span><\/p>\n<p><span>Para utilizar algunas funciones de este Servicio, es posible que un Cliente le solicite a usted (un Usuario final) que proporcione cierta informaci\u00f3n personal y de otro tipo.\u00a0Tambi\u00e9n podemos almacenar cualquier Contenido que cargue o proporcione al Servicio para poner a su disposici\u00f3n las caracter\u00edsticas y la funcionalidad del Servicio.<\/span><\/p>\n<p><span>Cierta informaci\u00f3n de identificaci\u00f3n personal tambi\u00e9n se puede proporcionar a intermediarios y terceros que nos ayudan con el Servicio, pero que no pueden hacer uso de dicha informaci\u00f3n m\u00e1s que para ayudarnos a proporcionar el Servicio.\u00a0Sin embargo, salvo que se indique lo contrario en esta Pol\u00edtica de privacidad, no alquilaremos ni venderemos su informaci\u00f3n de identificaci\u00f3n personal a terceros.<\/span><\/p>\n<p><span>Si elige permitir que un sitio web recopile sus datos de ubicaci\u00f3n, dichos datos de ubicaci\u00f3n pueden estar disponibles para el Cliente correspondiente.\u00a0Adem\u00e1s, si tiene una cuenta en Facebook, Twitter, Google+, LinkedIn, Foursquare u otros sitios web similares (cada uno de ellos una &#8220;Red social&#8221;), su identidad en la Red social, incluida su imagen p\u00fablica, puede estar asociada con sus datos de ubicaci\u00f3n.<\/span><\/p>\n<p><span>Si env\u00eda una solicitud de &#8220;No rastrear&#8221; a trav\u00e9s de su navegador web, a\u00fan podemos recopilar y usar sus datos de navegaci\u00f3n para mejorar la seguridad, proporcionar nuestro Servicio y generar estad\u00edsticas de informes, pero en general no rastrearemos otros sitios web que usted pueda ha visitado.<\/span><\/p>\n<p><span>Elegant Themes, Inc. es el propietario y controlador de datos de la informaci\u00f3n recopilada a trav\u00e9s del Servicio.<\/span><\/p>\n<p><strong><span>Paypal<\/span><\/strong><\/p>\n<p><span>Si elige utilizar PayPal para finalizar y pagar su pedido, proporcionar\u00e1 su n\u00famero de tarjeta de cr\u00e9dito directamente a PayPal.\u00a0La pol\u00edtica de privacidad de PayPal se aplicar\u00e1 a la informaci\u00f3n que proporcione en el sitio web de PayPal.<\/span><\/p>\n<p><strong><span>Raya.com<\/span><\/strong><\/p>\n<p><span>Las transacciones con tarjeta de cr\u00e9dito tambi\u00e9n se procesan mediante Stripe.com, una empresa de procesamiento de pagos segura de terceros.\u00a0Cuando utilice su tarjeta de cr\u00e9dito para comprar nuestro producto, puede ser redirigido a su puerta de enlace segura de terceros en forma de una ventana emergente de iframe.\u00a0La informaci\u00f3n que proporcione para el pago se almacenar\u00e1 en sus servidores seguros.\u00a0No almacenamos ninguna informaci\u00f3n de pago en nuestros servidores para su protecci\u00f3n.<\/span><\/p>\n<p><strong><span>Autorizar.net<\/span><\/strong><\/p>\n<p><span>Las transacciones con tarjeta de cr\u00e9dito tambi\u00e9n se procesan mediante Authorize.net, una empresa de procesamiento de pagos segura de terceros.\u00a0Cuando utilice su tarjeta de cr\u00e9dito para comprar nuestro producto, es posible que sea redirigido a su puerta de enlace segura de terceros en forma de iframe.\u00a0La informaci\u00f3n que proporcione para el pago se almacenar\u00e1 en sus servidores seguros.\u00a0No almacenamos ninguna informaci\u00f3n de pago en nuestros servidores para su protecci\u00f3n.<\/span><\/p>\n<p><span>Para realizar una compra con nosotros, debe utilizar nuestro proveedor de carrito de compras para finalizar y pagar su pedido.\u00a0Su declaraci\u00f3n de privacidad y pr\u00e1cticas de seguridad tambi\u00e9n se aplicar\u00e1n a su informaci\u00f3n.\u00a0Le recomendamos que lea esa declaraci\u00f3n de privacidad antes de proporcionar su informaci\u00f3n.<\/span><\/p>\n<p><strong><span>Intercomunicador<\/span><\/strong><\/p>\n<p><span>Nos comunicamos con nuestros clientes mediante una combinaci\u00f3n de correo electr\u00f3nico y chat en vivo.\u00a0Esta comunicaci\u00f3n se facilita a trav\u00e9s de Intercom.com.\u00a0Los historiales de chat se almacenan en su servidor.\u00a0Otra informaci\u00f3n, incluido su nombre de usuario y direcci\u00f3n de correo electr\u00f3nico, se proporciona a Intercom cuando se registra.\u00a0Esto nos permite ubicar su cuenta cuando chateamos con usted, lo cual es necesario para que podamos brindar soporte t\u00e9cnico, de facturaci\u00f3n y de ventas a nuestros clientes.<\/span><\/p>\n<p><strong><span>No se recopila informaci\u00f3n de los ni\u00f1os.<\/span><\/strong><\/p>\n<p><span>Nunca recopilaremos a sabiendas informaci\u00f3n personal sobre ni\u00f1os menores de 13 a\u00f1os. Si obtenemos conocimiento real de que ha recopilado informaci\u00f3n personal sobre un ni\u00f1o menor de 13 a\u00f1os, esa informaci\u00f3n se eliminar\u00e1 inmediatamente de cualquier acceso.\u00a0Debido a que no recopila dicha informaci\u00f3n, Elegant Themes no tiene dicha informaci\u00f3n para usar o divulgar a terceros.\u00a0Elegant Themes ha dise\u00f1ado esta pol\u00edtica para cumplir con la Ley de protecci\u00f3n de la privacidad en l\u00ednea de los ni\u00f1os (&#8220;COPPA&#8221;).<\/span><\/p>\n<h3><span>\u00bfC\u00f3mo utiliza la informaci\u00f3n individual?<\/span><\/h3>\n<p><strong><span>Uso general<\/span><\/strong><\/p>\n<p><span>Para nuestros Clientes, utilizamos la informaci\u00f3n personal principalmente para proporcionar los Servicios y contactar a nuestros Clientes con respecto a las actividades de la cuenta, nuevas versiones y ofertas de productos, u otras comunicaciones relevantes para los Servicios.<\/span><\/p>\n<p><span>Si se comunica con nosotros por correo electr\u00f3nico o completando un formulario de registro, podemos mantener un registro de su informaci\u00f3n de contacto y correspondencia, y podemos usar su direcci\u00f3n de correo electr\u00f3nico y cualquier informaci\u00f3n que nos proporcione en su mensaje, para responderle. .\u00a0Adem\u00e1s, podemos utilizar la informaci\u00f3n personal descrita anteriormente para enviarle informaci\u00f3n sobre el Servicio.\u00a0Si decide en cualquier momento que ya no desea recibir dicha informaci\u00f3n o comunicaciones de nuestra parte, env\u00edenos un correo electr\u00f3nico a\u00a0<\/span><span>support@elegantthemes.com\u00a0<\/span><span>y solicite que lo eliminemos de nuestra lista.\u00a0Las circunstancias bajo las cuales podemos compartir dicha informaci\u00f3n con terceros se describen en la parte (4) a continuaci\u00f3n.<\/span><\/p>\n<p><span>Nuestra base para procesar su informaci\u00f3n es t\u00edpicamente realizar un contrato.\u00a0La ejecuci\u00f3n de un contrato incluye el cumplimiento de su pedido.\u00a0Tambi\u00e9n podemos procesar informaci\u00f3n basada en el consentimiento o por nuestro inter\u00e9s leg\u00edtimo.<\/span><\/p>\n<h3><span>\u00bfC\u00f3mo almacenan mi informaci\u00f3n personal?<\/span><\/h3>\n<p><strong><span>Almacenamiento de informaci\u00f3n individual<\/span><\/strong><\/p>\n<p><span>Elegant Themes opera o arrienda redes de datos seguras protegidas por cortafuegos est\u00e1ndar de la industria y sistemas de protecci\u00f3n con contrase\u00f1a.\u00a0Nuestras pol\u00edticas de seguridad y privacidad se revisan y mejoran peri\u00f3dicamente seg\u00fan sea necesario, y solo las personas autorizadas tienen acceso a la informaci\u00f3n proporcionada por nuestros Clientes.\u00a0A pesar de tales medidas, no podemos garantizar que nuestras medidas de seguridad evitar\u00e1n que se acceda ilegalmente a nuestras computadoras y que se robe o altere la informaci\u00f3n individual en ellas.<\/span><\/p>\n<p><span>Su cuenta est\u00e1 protegida por una contrase\u00f1a para su privacidad y seguridad.\u00a0Debe evitar el acceso no autorizado a su cuenta e informaci\u00f3n personal seleccionando y protegiendo su contrase\u00f1a de manera adecuada y limitando el acceso a su computadora o dispositivo y navegador cerrando la sesi\u00f3n despu\u00e9s de que haya terminado de acceder a su cuenta.<\/span><\/p>\n<p><strong><span>Alojamiento, servicio y almacenamiento de terceros<\/span><\/strong><\/p>\n<p><span>ELEGANT THEMES PUEDE CONTRATAR CON UNA VARIEDAD DE PROVEEDORES TERCEROS\/PROVEEDORES\/VENDEDORES\/REDES SOCIALES DE VEZ EN CUENTA, PARA SATISFACER NUESTRAS NECESIDADES DE ALOJAMIENTO, AUTENTICACI\u00d3N, SERVICIO, ALMACENAMIENTO Y TELECOMUNICACIONES, ETC., INCLUYENDO SIN LIMITACI\u00d3N EL ALMACENAMIENTO DE NUESTROS USUARIOS PERSONALMENTE IDENTIFICABLES INFORMACI\u00d3N.\u00a0ELEGANT THEMES NO SER\u00c1 RESPONSABLE U OBLIGACI\u00d3N, Y POR EL PRESENTE RENUNCIA A TODA RESPONSABILIDAD POR ACTOS U OMISIONES CULPABLES (INCLUYENDO, ENTRE OTROS, NEGLIGENTES) POR PARTE DE SUS PROVEEDORES\/PROVEEDORES TERCEROS.<\/span><\/p>\n<h3><span>\u00bfDifunden alguna informaci\u00f3n personal?<\/span><\/h3>\n<p><strong><span>Proveedores de servicio<\/span><\/strong><\/p>\n<p><span>Podemos utilizar a terceros para ayudar a operar nuestro sitio web, autenticar a los usuarios y entregar productos y servicios, y podemos compartir su informaci\u00f3n de identificaci\u00f3n personal con nuestros proveedores de servicios, vendedores, proveedores y otros terceros que brindan productos o servicios para o a trav\u00e9s de este Servicio ( tales como empresas de alojamiento de sitios web o bases de datos, proveedores de autenticaci\u00f3n, empresas de alojamiento de listas de direcciones, proveedores de servicios de correo electr\u00f3nico, empresas de an\u00e1lisis, empresas de distribuci\u00f3n y otros proveedores de servicios similares que utilizan dicha informaci\u00f3n en nuestro nombre).\u00a0A menos que se indique lo contrario, estas empresas no tienen ning\u00fan derecho a utilizar la informaci\u00f3n de identificaci\u00f3n personal que les proporcionamos m\u00e1s all\u00e1 de lo necesario para ayudarnos.\u00a0Para obtener m\u00e1s informaci\u00f3n sobre estos terceros, puede leer nuestra\u00a0<\/span><a href=\"https:\/\/www.elegantthemes.com\/policy\/tracking\/\"><span>Pol\u00edtica de seguimiento<\/span><\/a><span>\u00a0.<\/span><\/p>\n<p><strong><span>Mercado<\/span><\/strong><\/p>\n<p><span>Si participa en nuestro Mercado, ya sea como Licenciante o Licenciatario, podemos compartir cierta Informaci\u00f3n de identificaci\u00f3n personal (como una direcci\u00f3n de correo electr\u00f3nico) en relaci\u00f3n con cualquier transacci\u00f3n en la que est\u00e9 involucrado en el Mercado.<\/span><\/p>\n<p><strong><span>Estad\u00edsticas agregadas no identificables<\/span><\/strong><\/p>\n<p><span>Podemos divulgar estad\u00edsticas agregadas no identificables con respecto al comportamiento del usuario como una medida de inter\u00e9s y uso de nuestro Servicio y correos electr\u00f3nicos a terceros en forma de datos agregados, como patrones generales o informes demogr\u00e1ficos que no describen o identifican cualquier usuario individual o Cliente.<\/span><\/p>\n<p><strong><span>Cumplir con el proceso legal<\/span><\/strong><\/p>\n<p><span>Elegant Themes se reserva el derecho de usar o divulgar su informaci\u00f3n de identificaci\u00f3n personal y otra informaci\u00f3n en respuesta a citaciones, \u00f3rdenes judiciales, garant\u00edas o procesos legales, o para establecer o ejercer nuestros derechos legales o defenderse de reclamos legales o en caso de que viole o incumplir un acuerdo con nosotros.\u00a0Podemos usar y divulgar su informaci\u00f3n de identificaci\u00f3n personal si creemos que da\u00f1ar\u00e1 la propiedad o los derechos de Elegant Themes, sus propietarios o los de nuestros otros Clientes.\u00a0Podr\u00edamos compartir informaci\u00f3n cuando estemos investigando un posible fraude.<\/span><\/p>\n<p><strong><span>Transiciones comerciales<\/span><\/strong><\/p>\n<p><span>En caso de que Elegant Themes pase por una transici\u00f3n comercial, como una fusi\u00f3n, adquisici\u00f3n por parte de otra empresa o venta de todos o una parte de sus activos, as\u00ed como en caso de quiebra, cesi\u00f3n en beneficio de los acreedores o administraci\u00f3n judicial, un lista de clientes que puede incluir su informaci\u00f3n de identificaci\u00f3n personal puede ser divulgada y probablemente estar\u00e1 entre los activos transferidos.\u00a0A partir de ese momento, se le puede notificar mediante un aviso destacado en nuestro sitio web durante 30 d\u00edas sobre cualquier cambio en la propiedad o el control de su informaci\u00f3n personal.\u00a0Elegant Themes se reserva adem\u00e1s el derecho de divulgar, transferir o vender su informaci\u00f3n personal a empresas afiliadas a nosotros a nuestro exclusivo criterio.<\/span><\/p>\n<p>[\/et_pb_text][\/et_pb_column][\/et_pb_row][\/et_pb_section]<\/p>\n","protected":false},"excerpt":{"rendered":"<p>Pol\u00edtica de privacidad de temas elegantes Su privacidad es importante para nosotrosFinalidad de la Pol\u00edtica de Privacidad. Elegant Themes, Inc. (&#8220;Elegant Themes&#8221;, &#8220;nosotros&#8221; o &#8220;nosotros&#8221;) es una empresa de temas y complementos de WordPress, lo que significa que creamos software web que las personas (nuestros &#8220;Clientes&#8221;) pueden usar para potenciar sus sitios web (nuestro &#8221; [&hellip;]<\/p>\n","protected":false},"author":1,"featured_media":0,"parent":0,"menu_order":0,"comment_status":"closed","ping_status":"open","template":"","meta":{"_seopress_robots_primary_cat":"","_et_pb_use_builder":"on","_et_pb_old_content":"","_et_gb_content_width":""},"_links":{"self":[{"href":"https:\/\/lovelandmiami.com\/index.php\/wp-json\/wp\/v2\/pages\/26428"}],"collection":[{"href":"https:\/\/lovelandmiami.com\/index.php\/wp-json\/wp\/v2\/pages"}],"about":[{"href":"https:\/\/lovelandmiami.com\/index.php\/wp-json\/wp\/v2\/types\/page"}],"author":[{"embeddable":true,"href":"https:\/\/lovelandmiami.com\/index.php\/wp-json\/wp\/v2\/users\/1"}],"replies":[{"embeddable":true,"href":"https:\/\/lovelandmiami.com\/index.php\/wp-json\/wp\/v2\/comments?post=26428"}],"version-history":[{"count":6,"href":"https:\/\/lovelandmiami.com\/index.php\/wp-json\/wp\/v2\/pages\/26428\/revisions"}],"predecessor-version":[{"id":26753,"href":"https:\/\/lovelandmiami.com\/index.php\/wp-json\/wp\/v2\/pages\/26428\/revisions\/26753"}],"wp:attachment":[{"href":"https:\/\/lovelandmiami.com\/index.php\/wp-json\/wp\/v2\/media?parent=26428"}],"curies":[{"name":"wp","href":"https:\/\/api.w.org\/{rel}","templated":true}]}}